{"id":6669,"date":"2018-08-03T08:06:05","date_gmt":"2018-08-03T08:06:05","guid":{"rendered":"https:\/\/liviza-demo.pbminfotech.com\/?page_id=6669"},"modified":"2025-02-07T19:04:42","modified_gmt":"2025-02-08T00:04:42","slug":"nosotros","status":"publish","type":"page","link":"https:\/\/cepeem.com\/en\/nosotros\/","title":{"rendered":"About us"},"content":{"rendered":"<div class=\"wpb-content-wrapper\"><div class=\"vc_row themestek-row wpb_row vc_row-fluid themestek-responsive-custom-66659895 vc_rtl-columns-reverse themestek-break-col-991 themestek-total-col-2 themestek-zindex-0 container themestek-bgimage-position-center_center\">\r\n        \t\t\t\t<div class=\"themestek-column wpb_column vc_column_container vc_col-sm-6 themestek-zindex-0\">\r\n\t<div class=\"vc_column-inner vc_custom_1576296341647\">\r\n\t\t\t\t<div class=\"wpb_wrapper\">\r\n\t\t\t\n\t<div  class=\"wpb_single_image wpb_content_element vc_align_left wpb_content_element  ts-image-shadow-1 ts-border-radius-1\">\n\t\t\n\t\t<figure class=\"wpb_wrapper vc_figure\">\n\t\t\t<div class=\"vc_single_image-wrapper   vc_box_border_grey\"><img decoding=\"async\" class=\"vc_single_image-img\" src=\"https:\/\/cepeem.com\/wp-content\/uploads\/2025\/01\/capa-in.jpg\" width=\"470\" height=\"470\" alt=\"capa-in\" title=\"capa-in\" loading=\"lazy\" \/><\/div>\n\t\t<\/figure>\n\t<\/div>\n\n\t<div  class=\"wpb_single_image wpb_content_element vc_align_left wpb_content_element  ts-promo-image-1 ts-border-radius-1\">\n\t\t\n\t\t<figure class=\"wpb_wrapper vc_figure\">\n\t\t\t<div class=\"vc_single_image-wrapper   vc_box_border_grey\"><img decoding=\"async\" class=\"vc_single_image-img\" src=\"https:\/\/cepeem.com\/wp-content\/uploads\/2025\/01\/pac-in.jpg\" width=\"370\" height=\"275\" alt=\"pac-in\" title=\"pac-in\" loading=\"lazy\" \/><\/div>\n\t\t<\/figure>\n\t<\/div>\n<div class=\"themestek-vc_icon_element themestek-vc_icon_element-outer themestek-vc_icon_element-align-left  themestek-vc_icon_element-have-style ts-brand-icon\"><div class=\"themestek-vc_icon_element-inner  themestek-vc_icon_element-have-style-inner themestek-vc_icon_element-color-white themestek-vc_icon_element-size-xl themestek-vc_icon_element-style-rounded themestek-vc_icon_element-background themestek-vc_icon_element-background-color-skincolor\" ><span class=\"themestek-vc_icon_element-icon themestek-liviza-business-icon themestek-liviza-business-icon-student\" ><\/span><\/div><\/div>\t\t<\/div>\r\n\t<\/div>\r\n<\/div>\r\n<div class=\"themestek-column wpb_column vc_column_container vc_col-sm-6 themestek-zindex-0\">\r\n\t<div class=\"vc_column-inner vc_custom_1576297121934\">\r\n\t\t\t\t<div class=\"wpb_wrapper\">\r\n\t\t\t<div class=\"themestek-element-heading-wrapper themestek-heading-inner themestek-element-align-left themestek-seperator-none\"><section class=\"themestek-vc_cta3-container\"><div class=\"themestek-vc_general themestek-vc_cta3 themestek-cta3-only themestek-vc_cta3-style-classic themestek-vc_cta3-shape-rounded themestek-vc_cta3-align-left themestek-vc_cta3-color-transparent themestek-vc_cta3-icon-size-md themestek-vc_cta3-actions-no themestek-cta3-without-desc\"><div class=\"themestek-vc_cta3_content-container\"><div class=\"themestek-vc_cta3-content\"><div class=\"themestek-vc_cta3-content-header themestek-wrap\"><div class=\"themestek-vc_cta3-headers themestek-wrap-cell\"><h4 class=\"themestek-custom-heading\" >About us<\/h4>\n<h2 class=\"themestek-custom-heading\" >PERUVIAN CENTER OF<br \/>\n<em>CONTAINERS AND PACKAGING<\/em><\/h2>\n<\/div><\/div><\/div><\/div><\/div><\/section><\/div> <!-- .themestek-element-heading-wrapper container --> <h3 style=\"font-size: 22px;line-height: 36px;text-align: left;font-family:Roboto;font-weight:300;font-style:normal\" class=\"vc_custom_heading vc_do_custom_heading\" >We are a technical education center specialized in the packaging industry, with headquarters in Peru and reach in Latin America. We are dedicated to promoting knowledge, innovation and sustainability in packaging through training programs, customized consulting and specialized events, connecting professionals and companies with the best practices and technological advances in the sector.<\/h3>\r\n\t\t<div class=\"themestek-vc_btn3-container themestek-vc_btn3-inline vc_custom_1738973076176\"><a class=\"themestek-vc_general themestek-vc_btn3 themestek-vc_btn3-size-md themestek-vc_btn3-shape-rounded themestek-vc_btn3-style-modern themestek-vc_btn3-weight-yes themestek-vc_btn3-color-skincolor\" href=\"\" title=\"\"><span>See training<\/span><\/a><\/div>\t\t<\/div>\r\n\t<\/div>\r\n<\/div>\r\n\t<\/div>\r\n<div data-vc-full-width=\"true\" data-vc-full-width-init=\"false\" class=\"themestek-row wpb_row vc_row-fluid vc_column-gap-0px vc_rtl-columns-reverse themestek-total-col-1 themestek-zindex-0 themestek-bgcolor-grey themestek-bgimage-position-center_center\">\r\n        \t\t <div class=\"vc_row container vc_column-gap-0px vc_row\"> \t\t<div class=\"themestek-column wpb_column vc_column_container vc_col-sm-12 themestek-zindex-0\">\r\n\t<div class=\"vc_column-inner\">\r\n\t\t\t\t<div class=\"wpb_wrapper\">\r\n\t\t\t<div class=\"themestek-row-inner vc_row wpb_row vc_inner vc_row-fluid themestek-bg-trans themestek-responsive-custom-60911048 vc_column-gap-30 vc_row-o-equal-height vc_rtl-columns-reverse vc_row-flex themestek-bgcolor-white themestek-zindex-0\">\r\n\t<div class=\"themestek-column-inner ts-border-radius-1 ts-image-shadow-1 wpb_column vc_column_container vc_col-sm-4 themestek-zindex-0\">\r\n\t<div class=\"vc_column-inner   themestek-textcolor-white themestek-col-bgcolor-skincolor themestek-col-bgcolor-yes\">\r\n\t\t<div class=\"themestek-col-wrapper-bg-layer themestek-bg-layer\"><div class=\"themestek-bg-layer-inner\"><\/div><\/div> \r\n\t\t<div class=\"wpb_wrapper\">\r\n\t\t\t<div class=\"themestek-ihbox themestek-ihbox-style-3 themestek-ihbox-itype-icon\">\r\n\t<div class=\"themestek-sbox-bgimage-layer themestek-bgimage-layer\"><\/div>\r\n\t<div class=\"themestek-ihbox-wrapper-bg-layer themestek-bg-layer\"><\/div>\r\n\t<div class=\"themestek-ihbox-inner\">\r\n\t\t<div class=\"themestek-ihbox-table\">\r\n\t\t\t<div class=\"themestek-ihbox-icon  themestek-icon-skincolor\">\r\n\t\t\t\t<div class=\"themestek-ihbox-icon-wrapper\"><i class=\"fa fa-bullseye\"><\/i><\/div>\t\t\t<\/div>\r\n\t\t\t<div class=\"themestek-vc_general themestek-vc_cta3 themestek-cta3-only themestek-vc_cta3-style-classic themestek-vc_cta3-shape-rounded themestek-vc_cta3-align-left themestek-vc_cta3-color-transparent themestek-vc_cta3-icon-size-md themestek-vc_cta3-actions-no themestek-cta3-with-desc\"><div class=\"themestek-vc_cta3_content-container\"><div class=\"themestek-vc_cta3-content\"><div class=\"themestek-vc_cta3-content-header themestek-wrap\"><div class=\"themestek-vc_cta3-headers themestek-wrap-cell\"><h2 class=\"themestek-custom-heading\">Mission<\/h2>\n<\/div><\/div><div class=\"themestek-cta3-content-wrapper\"> <\/div><\/div><\/div><\/div>\t\t<\/div>\r\n\t\t<div class=\"themestek-ihbox-contents\">\r\n\r\n\t\t\t<div class=\"themestek-cta3-content-wrapper\">To provide high quality technical education in the packaging industry, promoting innovation, sustainability and competitiveness in national and international markets.<\/div>\t\t\t\t\t<\/div><!-- .themestek-ihbox-contents -->\r\n\t<\/div>\r\n<\/div>\r\n\t\t<\/div>\r\n\t<\/div>\r\n<\/div>\r\n<div class=\"themestek-column-inner ts-border-radius-1 ts-image-shadow-1 wpb_column vc_column_container vc_col-sm-4 themestek-zindex-0\">\r\n\t<div class=\"vc_column-inner   themestek-textcolor-white themestek-col-bgcolor-darkgrey themestek-col-bgcolor-yes\">\r\n\t\t<div class=\"themestek-col-wrapper-bg-layer themestek-bg-layer\"><div class=\"themestek-bg-layer-inner\"><\/div><\/div> \r\n\t\t<div class=\"wpb_wrapper\">\r\n\t\t\t<div class=\"themestek-ihbox themestek-ihbox-style-3 themestek-ihbox-itype-icon\">\r\n\t<div class=\"themestek-sbox-bgimage-layer themestek-bgimage-layer\"><\/div>\r\n\t<div class=\"themestek-ihbox-wrapper-bg-layer themestek-bg-layer\"><\/div>\r\n\t<div class=\"themestek-ihbox-inner\">\r\n\t\t<div class=\"themestek-ihbox-table\">\r\n\t\t\t<div class=\"themestek-ihbox-icon  themestek-icon-skincolor\">\r\n\t\t\t\t<div class=\"themestek-ihbox-icon-wrapper\"><i class=\"fa fa-lightbulb-o\"><\/i><\/div>\t\t\t<\/div>\r\n\t\t\t<div class=\"themestek-vc_general themestek-vc_cta3 themestek-cta3-only themestek-vc_cta3-style-classic themestek-vc_cta3-shape-rounded themestek-vc_cta3-align-left themestek-vc_cta3-color-transparent themestek-vc_cta3-icon-size-md themestek-vc_cta3-actions-no themestek-cta3-with-desc\"><div class=\"themestek-vc_cta3_content-container\"><div class=\"themestek-vc_cta3-content\"><div class=\"themestek-vc_cta3-content-header themestek-wrap\"><div class=\"themestek-vc_cta3-headers themestek-wrap-cell\"><h2 class=\"themestek-custom-heading\">View<\/h2>\n<\/div><\/div><div class=\"themestek-cta3-content-wrapper\"> <\/div><\/div><\/div><\/div>\t\t<\/div>\r\n\t\t<div class=\"themestek-ihbox-contents\">\r\n\r\n\t\t\t<div class=\"themestek-cta3-content-wrapper\">To become the main reference center for packaging training and consulting in Latin America, contributing to the economic and sustainable development of the region.<\/div>\t\t\t\t\t<\/div><!-- .themestek-ihbox-contents -->\r\n\t<\/div>\r\n<\/div>\r\n\t\t<\/div>\r\n\t<\/div>\r\n<\/div>\r\n<div class=\"themestek-column-inner ts-border-radius-1 ts-image-shadow-1 wpb_column vc_column_container vc_col-sm-4 themestek-zindex-0\">\r\n\t<div class=\"vc_column-inner   themestek-col-bgcolor-white themestek-col-bgcolor-yes\">\r\n\t\t<div class=\"themestek-col-wrapper-bg-layer themestek-bg-layer\"><div class=\"themestek-bg-layer-inner\"><\/div><\/div> \r\n\t\t<div class=\"wpb_wrapper\">\r\n\t\t\t<div class=\"themestek-ihbox themestek-ihbox-style-3 themestek-ihbox-itype-icon\">\r\n\t<div class=\"themestek-sbox-bgimage-layer themestek-bgimage-layer\"><\/div>\r\n\t<div class=\"themestek-ihbox-wrapper-bg-layer themestek-bg-layer\"><\/div>\r\n\t<div class=\"themestek-ihbox-inner\">\r\n\t\t<div class=\"themestek-ihbox-table\">\r\n\t\t\t<div class=\"themestek-ihbox-icon  themestek-icon-skincolor\">\r\n\t\t\t\t<div class=\"themestek-ihbox-icon-wrapper\"><i class=\"fa fa-diamond\"><\/i><\/div>\t\t\t<\/div>\r\n\t\t\t<div class=\"themestek-vc_general themestek-vc_cta3 themestek-cta3-only themestek-vc_cta3-style-classic themestek-vc_cta3-shape-rounded themestek-vc_cta3-align-left themestek-vc_cta3-color-transparent themestek-vc_cta3-icon-size-md themestek-vc_cta3-actions-no themestek-cta3-with-desc\"><div class=\"themestek-vc_cta3_content-container\"><div class=\"themestek-vc_cta3-content\"><div class=\"themestek-vc_cta3-content-header themestek-wrap\"><div class=\"themestek-vc_cta3-headers themestek-wrap-cell\"><h2 class=\"themestek-custom-heading\">Values<\/h2>\n<\/div><\/div><div class=\"themestek-cta3-content-wrapper\"> <\/div><\/div><\/div><\/div>\t\t<\/div>\r\n\t\t<div class=\"themestek-ihbox-contents\">\r\n\r\n\t\t\t<div class=\"themestek-cta3-content-wrapper\">Innovation: We adopt the latest technology.<br \/>\nSustainability: We promote solutions.<br \/>\nExcellence: We guarantee quality.<br \/>\nCollaboration: We encourage work.<br \/>\nCommitment: Dedicated to development.<\/div>\t\t\t\t\t<\/div><!-- .themestek-ihbox-contents -->\r\n\t<\/div>\r\n<\/div>\r\n\t\t<\/div>\r\n\t<\/div>\r\n<\/div>\r\n<\/div>\r\n\t\t<\/div>\r\n\t<\/div>\r\n<\/div>\r\n\t <\/div> <\/div>\r\n<div class=\"vc_row-full-width vc_clearfix\"><\/div><div class=\"vc_row themestek-row wpb_row vc_row-fluid themestek-responsive-custom-74981048 vc_rtl-columns-reverse themestek-break-col-991 themestek-total-col-2 themestek-zindex-0 container themestek-bgimage-position-center_center\">\r\n        \t\t\t\t<div class=\"themestek-column wpb_column vc_column_container vc_col-sm-6 themestek-zindex-0\">\r\n\t<div class=\"vc_column-inner\">\r\n\t\t\t\t<div class=\"wpb_wrapper\">\r\n\t\t\t<div class=\"themestek-element-heading-wrapper themestek-heading-inner themestek-element-align-left themestek-seperator-none\"><section class=\"themestek-vc_cta3-container\"><div class=\"themestek-vc_general themestek-vc_cta3 themestek-cta3-only themestek-vc_cta3-style-classic themestek-vc_cta3-shape-rounded themestek-vc_cta3-align-left themestek-vc_cta3-color-transparent themestek-vc_cta3-icon-size-md themestek-vc_cta3-actions-no themestek-cta3-without-desc\"><div class=\"themestek-vc_cta3_content-container\"><div class=\"themestek-vc_cta3-content\"><div class=\"themestek-vc_cta3-content-header themestek-wrap\"><div class=\"themestek-vc_cta3-headers themestek-wrap-cell\"><h2 class=\"themestek-custom-heading\" >Our <em>objectives<\/em><\/h2>\n<\/div><\/div><\/div><\/div><\/div><\/section><\/div> <!-- .themestek-element-heading-wrapper container --> <h3 style=\"font-size: 22px;line-height: 36px;text-align: left;font-family:Roboto;font-weight:300;font-style:normal\" class=\"vc_custom_heading vc_do_custom_heading\" >To train professionals and companies in advanced technologies, regulations and best practices in the sector. To promote innovation and sustainability in packaging . To boost the competitiveness of the industry through technical training and specialized consulting. Generate a positive impact on trade and exports, especially in key sectors such as agriculture and manufacturing. Create a regional network of experts to exchange knowledge and experiences.<\/h3>\t\t<\/div>\r\n\t<\/div>\r\n<\/div>\r\n<div class=\"themestek-column wpb_column vc_column_container vc_col-sm-6 themestek-zindex-0\">\r\n\t<div class=\"vc_column-inner vc_custom_1578378976653\">\r\n\t\t\t\t<div class=\"wpb_wrapper\">\r\n\t\t\t\n\t<div  class=\"wpb_single_image wpb_content_element vc_align_left wpb_content_element  ts-image-shadow-1 ts-border-radius-1\">\n\t\t\n\t\t<figure class=\"wpb_wrapper vc_figure\">\n\t\t\t<div class=\"vc_single_image-wrapper   vc_box_border_grey\"><img decoding=\"async\" class=\"vc_single_image-img\" src=\"https:\/\/cepeem.com\/wp-content\/uploads\/2025\/01\/nosotros-530x420.jpg\" width=\"530\" height=\"420\" alt=\"nosotros\" title=\"nosotros\" loading=\"lazy\" \/><\/div>\n\t\t<\/figure>\n\t<\/div>\n\t\t<\/div>\r\n\t<\/div>\r\n<\/div>\r\n\t<\/div>\n<\/div>","protected":false},"excerpt":{"rendered":"Quienes somos CENTRO PERUANO DE ENVASES Y EMBALAJES Somos un centro de educaci\u00f3n t\u00e9cnico especializado en la industria de los envases y embalajes, con sede en Per\u00fa y alcance en Am\u00e9rica Latina. nos dedicamos a impulsar el conocimiento, la innovaci\u00f3n y la sostenibilidad en envases y embalajes a trav\u00e9s de programas de formaci\u00f3n, consultar\u00eda personalizada &hellip; <a href=\"https:\/\/cepeem.com\/en\/nosotros\/\" class=\"more-link\">Continue reading <span class=\"screen-reader-text\">About us<\/span><\/a>","protected":false},"author":1,"featured_media":0,"parent":0,"menu_order":7,"comment_status":"closed","ping_status":"closed","template":"","meta":{"_siteseo_robots_primary_cat":"","footnotes":""},"class_list":["post-6669","page","type-page","status-publish","hentry"],"_links":{"self":[{"href":"https:\/\/cepeem.com\/en\/wp-json\/wp\/v2\/pages\/6669","targetHints":{"allow":["GET"]}}],"collection":[{"href":"https:\/\/cepeem.com\/en\/wp-json\/wp\/v2\/pages"}],"about":[{"href":"https:\/\/cepeem.com\/en\/wp-json\/wp\/v2\/types\/page"}],"author":[{"embeddable":true,"href":"https:\/\/cepeem.com\/en\/wp-json\/wp\/v2\/users\/1"}],"replies":[{"embeddable":true,"href":"https:\/\/cepeem.com\/en\/wp-json\/wp\/v2\/comments?post=6669"}],"version-history":[{"count":5,"href":"https:\/\/cepeem.com\/en\/wp-json\/wp\/v2\/pages\/6669\/revisions"}],"predecessor-version":[{"id":14035,"href":"https:\/\/cepeem.com\/en\/wp-json\/wp\/v2\/pages\/6669\/revisions\/14035"}],"wp:attachment":[{"href":"https:\/\/cepeem.com\/en\/wp-json\/wp\/v2\/media?parent=6669"}],"curies":[{"name":"wp","href":"https:\/\/api.w.org\/{rel}","templated":true}]}}