{"id":6602,"date":"2018-08-03T06:04:16","date_gmt":"2018-08-03T06:04:16","guid":{"rendered":"https:\/\/liviza-demo.pbminfotech.com\/?page_id=6602"},"modified":"2025-02-08T20:48:15","modified_gmt":"2025-02-09T01:48:15","slug":"contacto","status":"publish","type":"page","link":"https:\/\/cepeem.com\/en\/contacto\/","title":{"rendered":"Contact"},"content":{"rendered":"<div class=\"wpb-content-wrapper\"><div class=\"vc_row themestek-row wpb_row vc_row-fluid vc_rtl-columns-reverse themestek-total-col-3 themestek-zindex-0 container themestek-bgimage-position-center_center\">\r\n        \t\t\t\t<div class=\"themestek-column wpb_column vc_column_container vc_col-sm-4 themestek-zindex-0\">\r\n\t<div class=\"vc_column-inner\">\r\n\t\t\t\t<div class=\"wpb_wrapper\">\r\n\t\t\t<div class=\"themestek-ihbox themestek-ihbox-style-2 themestek-ihbox-itype-icon\">\r\n\t<div class=\"themestek-sbox-bgimage-layer themestek-bgimage-layer\"><\/div>\r\n\t<div class=\"themestek-ihbox-wrapper-bg-layer themestek-bg-layer\"><\/div>\r\n\t<div class=\"themestek-ihbox-inner\">\r\n\t\t<div class=\"themestek-ihbox-icon\">\r\n\t\t\t<div class=\"themestek-ihbox-icon-wrapper\"><i class=\"themestek-liviza-business-icon themestek-liviza-business-icon-placeholder\"><\/i><\/div>\t\t<\/div>\r\n\t\t<div class=\"themestek-ihbox-contents\">\r\n\t\t\t<div class=\"themestek-vc_general themestek-vc_cta3 themestek-cta3-only themestek-vc_cta3-style-classic themestek-vc_cta3-shape-rounded themestek-vc_cta3-align-left themestek-vc_cta3-color-transparent themestek-vc_cta3-icon-size-md themestek-vc_cta3-actions-no themestek-cta3-with-desc\"><div class=\"themestek-vc_cta3_content-container\"><div class=\"themestek-vc_cta3-content\"><div class=\"themestek-vc_cta3-content-header themestek-wrap\"><div class=\"themestek-vc_cta3-headers themestek-wrap-cell\"><h2 class=\"themestek-custom-heading\">Address<\/h2>\n<\/div><\/div><div class=\"themestek-cta3-content-wrapper\"> <\/div><\/div><\/div><\/div>\t\t\t<div class=\"themestek-cta3-content-wrapper\">Av. Arequipa 2447 Of. 409 Lince<br \/>\nLima &#8211; Per\u00fa<\/div>\t\t\t\t\t<\/div><!-- .themestek-ihbox-contents -->\r\n\t<\/div>\r\n<\/div>\r\n\t\t<\/div>\r\n\t<\/div>\r\n<\/div>\r\n<div class=\"themestek-column wpb_column vc_column_container vc_col-sm-4 themestek-zindex-0\">\r\n\t<div class=\"vc_column-inner\">\r\n\t\t\t\t<div class=\"wpb_wrapper\">\r\n\t\t\t<div class=\"themestek-ihbox themestek-ihbox-style-2 themestek-ihbox-itype-icon\">\r\n\t<div class=\"themestek-sbox-bgimage-layer themestek-bgimage-layer\"><\/div>\r\n\t<div class=\"themestek-ihbox-wrapper-bg-layer themestek-bg-layer\"><\/div>\r\n\t<div class=\"themestek-ihbox-inner\">\r\n\t\t<div class=\"themestek-ihbox-icon\">\r\n\t\t\t<div class=\"themestek-ihbox-icon-wrapper\"><i class=\"themestek-liviza-business-icon themestek-liviza-business-icon-call\"><\/i><\/div>\t\t<\/div>\r\n\t\t<div class=\"themestek-ihbox-contents\">\r\n\t\t\t<div class=\"themestek-vc_general themestek-vc_cta3 themestek-cta3-only themestek-vc_cta3-style-classic themestek-vc_cta3-shape-rounded themestek-vc_cta3-align-left themestek-vc_cta3-color-transparent themestek-vc_cta3-icon-size-md themestek-vc_cta3-actions-no themestek-cta3-with-desc\"><div class=\"themestek-vc_cta3_content-container\"><div class=\"themestek-vc_cta3-content\"><div class=\"themestek-vc_cta3-content-header themestek-wrap\"><div class=\"themestek-vc_cta3-headers themestek-wrap-cell\"><h2 class=\"themestek-custom-heading\">Phone<\/h2>\n<\/div><\/div><div class=\"themestek-cta3-content-wrapper\"> <\/div><\/div><\/div><\/div>\t\t\t<div class=\"themestek-cta3-content-wrapper\">Cel: (+51) 907 789 611<\/div>\t\t\t\t\t<\/div><!-- .themestek-ihbox-contents -->\r\n\t<\/div>\r\n<\/div>\r\n\t\t<\/div>\r\n\t<\/div>\r\n<\/div>\r\n<div class=\"themestek-column wpb_column vc_column_container vc_col-sm-4 themestek-zindex-0\">\r\n\t<div class=\"vc_column-inner\">\r\n\t\t\t\t<div class=\"wpb_wrapper\">\r\n\t\t\t<div class=\"themestek-ihbox themestek-ihbox-style-2 themestek-ihbox-itype-icon\">\r\n\t<div class=\"themestek-sbox-bgimage-layer themestek-bgimage-layer\"><\/div>\r\n\t<div class=\"themestek-ihbox-wrapper-bg-layer themestek-bg-layer\"><\/div>\r\n\t<div class=\"themestek-ihbox-inner\">\r\n\t\t<div class=\"themestek-ihbox-icon\">\r\n\t\t\t<div class=\"themestek-ihbox-icon-wrapper\"><i class=\"themestek-liviza-business-icon themestek-liviza-business-icon-envelope\"><\/i><\/div>\t\t<\/div>\r\n\t\t<div class=\"themestek-ihbox-contents\">\r\n\t\t\t<div class=\"themestek-vc_general themestek-vc_cta3 themestek-cta3-only themestek-vc_cta3-style-classic themestek-vc_cta3-shape-rounded themestek-vc_cta3-align-left themestek-vc_cta3-color-transparent themestek-vc_cta3-icon-size-md themestek-vc_cta3-actions-no themestek-cta3-with-desc\"><div class=\"themestek-vc_cta3_content-container\"><div class=\"themestek-vc_cta3-content\"><div class=\"themestek-vc_cta3-content-header themestek-wrap\"><div class=\"themestek-vc_cta3-headers themestek-wrap-cell\"><h2 class=\"themestek-custom-heading\">E-mail<\/h2>\n<\/div><\/div><div class=\"themestek-cta3-content-wrapper\"> <\/div><\/div><\/div><\/div>\t\t\t<div class=\"themestek-cta3-content-wrapper\">info@cepeem.com<\/div>\t\t\t\t\t<\/div><!-- .themestek-ihbox-contents -->\r\n\t<\/div>\r\n<\/div>\r\n\t\t<\/div>\r\n\t<\/div>\r\n<\/div>\r\n\t<\/div>\r\n<div class=\"vc_row themestek-row wpb_row vc_row-fluid vc_custom_1576473295771 vc_rtl-columns-reverse themestek-total-col-1 themestek-zindex-0 container themestek-bgimage-position-center_center\">\r\n        \t\t\t\t<div class=\"themestek-column wpb_column vc_column_container vc_col-sm-12 themestek-zindex-0\">\r\n\t<div class=\"vc_column-inner\">\r\n\t\t\t\t<div class=\"wpb_wrapper\">\r\n\t\t\t<div class=\"themestek-row-inner vc_row wpb_row vc_inner vc_row-fluid ts-border-radius-2 ts-image-shadow-2 vc_custom_1576472909816 vc_column-gap-0px vc_row-o-equal-height vc_rtl-columns-reverse vc_row-flex themestek-zindex-0\">\r\n\t<div class=\"themestek-column-inner wpb_column vc_column_container vc_col-sm-6 themestek-zindex-0\">\r\n\t<div class=\"vc_column-inner vc_custom_1576471537997\">\r\n\t\t \r\n\t\t<div class=\"wpb_wrapper\">\r\n\t\t\t\n\t<div class=\"wpb_raw_code wpb_raw_html wpb_content_element vc_custom_1738014380263\" >\n\t\t<div class=\"wpb_wrapper\">\n\t\t\t<div style=\"height:590px;\">\n<iframe src=\"https:\/\/www.google.com\/maps\/embed?pb=!1m18!1m12!1m3!1d2307.4051132019476!2d-77.0345029193783!3d-12.088202067111283!2m3!1f0!2f0!3f0!3m2!1i1024!2i768!4f13.1!3m3!1m2!1s0x9105c85fd5495335%3A0xb0667f03c82d3f7!2sOf.%20409%2C%20Av.%20Arequipa%202447%2C%20Lima%2015046!5e0!3m2!1ses!2spe!4v1738014251445!5m2!1ses!2spe\" width=\"600\" height=\"590\" style=\"border:0;\" allowfullscreen=\"\" loading=\"lazy\" referrerpolicy=\"no-referrer-when-downgrade\"><\/iframe><\/div>\n\n\t\t<\/div>\n\t<\/div>\n\t\t<\/div>\r\n\t<\/div>\r\n<\/div>\r\n<div class=\"themestek-column-inner wpb_column vc_column_container vc_col-sm-6 themestek-zindex-0\">\r\n\t<div class=\"vc_column-inner vc_custom_1576473344088\">\r\n\t\t \r\n\t\t<div class=\"wpb_wrapper\">\r\n\t\t\t<div class=\"themestek-element-heading-wrapper themestek-heading-inner themestek-element-align-left themestek-seperator-none\"><section class=\"themestek-vc_cta3-container\"><div class=\"themestek-vc_general themestek-vc_cta3 themestek-cta3-only themestek-vc_cta3-style-classic themestek-vc_cta3-shape-rounded themestek-vc_cta3-align-left themestek-vc_cta3-color-transparent themestek-vc_cta3-icon-size-md themestek-vc_cta3-actions-no themestek-cta3-without-desc\"><div class=\"themestek-vc_cta3_content-container\"><div class=\"themestek-vc_cta3-content\"><div class=\"themestek-vc_cta3-content-header themestek-wrap\"><div class=\"themestek-vc_cta3-headers themestek-wrap-cell\"><h4 class=\"themestek-custom-heading\" >Contact us<\/h4>\n<h2 class=\"themestek-custom-heading translation-block\" >Get in <em>contact with us<\/em>.<\/h2>\n<\/div><\/div><\/div><\/div><\/div><\/section><\/div> <!-- .themestek-element-heading-wrapper container --> \n<div class=\"wpcf7 no-js\" id=\"wpcf7-f10414-o1\" lang=\"en-US\" dir=\"ltr\" data-wpcf7-id=\"10414\">\n<div class=\"screen-reader-response\"><p role=\"status\" aria-live=\"polite\" aria-atomic=\"true\"><\/p> <ul><\/ul><\/div>\n<form action=\"\/en\/wp-json\/wp\/v2\/pages\/6602#wpcf7-f10414-o1\" method=\"post\" class=\"wpcf7-form init\" aria-label=\"Contact form\" novalidate=\"novalidate\" data-status=\"init\" data-trp-original-action=\"\/en\/wp-json\/wp\/v2\/pages\/6602#wpcf7-f10414-o1\">\n<div style=\"display: none;\">\n<input type=\"hidden\" name=\"_wpcf7\" value=\"10414\" \/>\n<input type=\"hidden\" name=\"_wpcf7_version\" value=\"6.0.3\" \/>\n<input type=\"hidden\" name=\"_wpcf7_locale\" value=\"en_US\" \/>\n<input type=\"hidden\" name=\"_wpcf7_unit_tag\" value=\"wpcf7-f10414-o1\" \/>\n<input type=\"hidden\" name=\"_wpcf7_container_post\" value=\"0\" \/>\n<input type=\"hidden\" name=\"_wpcf7_posted_data_hash\" value=\"\" \/>\n<\/div>\n<div class=\"main-form\">\n\t<div class=\"row\">\n\t\t<div class=\"col-md-6\">\n\t\t\t<div class=\"input-group\">\n\t\t\t\t<p><span class=\"wpcf7-form-control-wrap\" data-name=\"your-name\"><input size=\"40\" maxlength=\"400\" class=\"wpcf7-form-control wpcf7-text\" aria-invalid=\"false\" placeholder=\"Name\" value=\"\" type=\"text\" name=\"your-name\" \/><\/span>\n\t\t\t\t<\/p>\n\t\t\t<\/div>\n\t\t<\/div>\n\t\t<div class=\"col-md-6\">\n\t\t\t<div class=\"input-group\">\n\t\t\t\t<p><span class=\"wpcf7-form-control-wrap\" data-name=\"your-email\"><input size=\"40\" maxlength=\"400\" class=\"wpcf7-form-control wpcf7-text\" aria-invalid=\"false\" placeholder=\"E-mail\" value=\"\" type=\"text\" name=\"your-email\" \/><\/span>\n\t\t\t\t<\/p>\n\t\t\t<\/div>\n\t\t<\/div>\n\t\t<div class=\"col-md-6\">\n\t\t\t<div class=\"input-group\">\n\t\t\t\t<p><span class=\"wpcf7-form-control-wrap\" data-name=\"phone\"><input size=\"40\" maxlength=\"400\" class=\"wpcf7-form-control wpcf7-text\" aria-invalid=\"false\" placeholder=\"Phone\" value=\"\" type=\"text\" name=\"phone\" \/><\/span>\n\t\t\t\t<\/p>\n\t\t\t<\/div>\n\t\t<\/div>\n\t\t<div class=\"col-md-6\">\n\t\t\t<div class=\"input-group\">\n\t\t\t\t<p><span class=\"wpcf7-form-control-wrap\" data-name=\"text-99\"><input size=\"40\" maxlength=\"400\" class=\"wpcf7-form-control wpcf7-text\" aria-invalid=\"false\" placeholder=\"Subject\" value=\"\" type=\"text\" name=\"text-99\" \/><\/span>\n\t\t\t\t<\/p>\n\t\t\t<\/div>\n\t\t<\/div>\n\t\t<div class=\"col-md-12\">\n\t\t\t<div class=\"input-group input-button\">\n\t\t\t\t<p><span class=\"wpcf7-form-control-wrap\" data-name=\"message\"><textarea cols=\"40\" rows=\"4\" maxlength=\"2000\" class=\"wpcf7-form-control wpcf7-textarea\" aria-invalid=\"false\" placeholder=\"Message\" name=\"message\"><\/textarea><\/span>\n\t\t\t\t<\/p>\n\t\t\t<\/div>\n\t\t<\/div>\n\t\t<div class=\"col-md-6\">\n\t\t\t<div class=\"input-group input-button\">\n\t\t\t\t<p><input class=\"wpcf7-form-control wpcf7-submit has-spinner btn-block\" type=\"submit\" value=\"Send message\" \/>\n\t\t\t\t<\/p>\n\t\t\t<\/div>\n\t\t<\/div>\n\t<\/div>\n<\/div><div class=\"wpcf7-response-output\" aria-hidden=\"true\"><\/div>\n<input type=\"hidden\" name=\"trp-form-language\" value=\"en\"\/><\/form>\n<\/div>\n\t\t<\/div>\r\n\t<\/div>\r\n<\/div>\r\n<\/div>\r\n\t\t<\/div>\r\n\t<\/div>\r\n<\/div>\r\n\t<\/div>\n<\/div>","protected":false},"excerpt":{"rendered":"Direcci\u00f3n Av. Arequipa 2447 Of. 409 Lince Lima - Per\u00fa Tel\u00e9fono Cel: (+51) 907 789 611 E-mail info@cepeem.com Cont\u00e1ctenos Ponte en contacto con nosotros","protected":false},"author":1,"featured_media":0,"parent":0,"menu_order":10,"comment_status":"closed","ping_status":"closed","template":"","meta":{"_siteseo_robots_primary_cat":"","footnotes":""},"class_list":["post-6602","page","type-page","status-publish","hentry"],"_links":{"self":[{"href":"https:\/\/cepeem.com\/en\/wp-json\/wp\/v2\/pages\/6602","targetHints":{"allow":["GET"]}}],"collection":[{"href":"https:\/\/cepeem.com\/en\/wp-json\/wp\/v2\/pages"}],"about":[{"href":"https:\/\/cepeem.com\/en\/wp-json\/wp\/v2\/types\/page"}],"author":[{"embeddable":true,"href":"https:\/\/cepeem.com\/en\/wp-json\/wp\/v2\/users\/1"}],"replies":[{"embeddable":true,"href":"https:\/\/cepeem.com\/en\/wp-json\/wp\/v2\/comments?post=6602"}],"version-history":[{"count":9,"href":"https:\/\/cepeem.com\/en\/wp-json\/wp\/v2\/pages\/6602\/revisions"}],"predecessor-version":[{"id":14087,"href":"https:\/\/cepeem.com\/en\/wp-json\/wp\/v2\/pages\/6602\/revisions\/14087"}],"wp:attachment":[{"href":"https:\/\/cepeem.com\/en\/wp-json\/wp\/v2\/media?parent=6602"}],"curies":[{"name":"wp","href":"https:\/\/api.w.org\/{rel}","templated":true}]}}