{"id":14093,"date":"2025-02-08T21:03:22","date_gmt":"2025-02-09T02:03:22","guid":{"rendered":"https:\/\/cepeem.com\/?page_id=14093"},"modified":"2025-04-24T13:06:11","modified_gmt":"2025-04-24T18:06:11","slug":"operapack-insite","status":"publish","type":"page","link":"https:\/\/cepeem.com\/en\/operapack-insite\/","title":{"rendered":"OperaPack InSite"},"content":{"rendered":"<div class=\"wpb-content-wrapper\"><div class=\"vc_row themestek-row wpb_row vc_row-fluid vc_custom_1739016724708 themestek-responsive-custom-66659895 vc_rtl-columns-reverse themestek-break-col-991 themestek-total-col-2 themestek-zindex-0 container themestek-bgimage-position-center_center\">\r\n        \t\t\t\t<div class=\"themestek-column wpb_column vc_column_container vc_col-sm-6 themestek-zindex-0\">\r\n\t<div class=\"vc_column-inner\">\r\n\t\t\t\t<div class=\"wpb_wrapper\">\r\n\t\t\t<div class=\"themestek-element-heading-wrapper themestek-heading-inner themestek-element-align-left themestek-seperator-none\"><section class=\"themestek-vc_cta3-container\"><div class=\"themestek-vc_general themestek-vc_cta3 themestek-cta3-only themestek-vc_cta3-style-classic themestek-vc_cta3-shape-rounded themestek-vc_cta3-align-left themestek-vc_cta3-color-transparent themestek-vc_cta3-icon-size-md themestek-vc_cta3-actions-no themestek-cta3-without-desc\"><div class=\"themestek-vc_cta3_content-container\"><div class=\"themestek-vc_cta3-content\"><div class=\"themestek-vc_cta3-content-header themestek-wrap\"><div class=\"themestek-vc_cta3-headers themestek-wrap-cell\"><h2 class=\"themestek-custom-heading\" >OperaPack<em> InSite .<\/em><\/h2>\n<\/div><\/div><\/div><\/div><\/div><\/section><\/div> <!-- .themestek-element-heading-wrapper container --> \n\t<div class=\"wpb_text_column wpb_content_element\" >\n\t\t<div class=\"wpb_wrapper\">\n\t\t\t<p><em>OperaPack InSite<\/em> es un servicio especializado de formaci\u00f3n t\u00e9cnica presencial, dise\u00f1ado para optimizar el desempe\u00f1o del personal de planta en el manejo de empaques de cart\u00f3n corrugado a lo largo de toda la cadena operativa. Nuestra capacitaci\u00f3n integral se realiza <strong>directamente en tus instalaciones<\/strong>, asegurando un enfoque pr\u00e1ctico y adaptado a tu realidad log\u00edstica.<\/p>\n<p>Nos enfocamos en:<\/p>\n<ul>\n<li><strong>Correcto almacenamiento y conservaci\u00f3n<\/strong> del cart\u00f3n para preservar su integridad estructural.<\/li>\n<li><strong>T\u00e9cnicas de apilamiento seguras y eficientes<\/strong>, maximizando el uso del espacio y minimizando da\u00f1os.<\/li>\n<li><strong>Despacho organizado y controlado<\/strong>, que reduce errores, demoras y reprocesos.<\/li>\n<li><strong>Flujo operativo en zona de almac\u00e9n<\/strong>, alineado a buenas pr\u00e1cticas log\u00edsticas.<\/li>\n<\/ul>\n<p>Al implementar <em>OperaPack InSite<\/em>, tu equipo aprender\u00e1 a <strong>reducir mermas<\/strong>, <strong>mejorar la rotaci\u00f3n de inventario<\/strong>, y <strong>minimizar da\u00f1os por manipulaci\u00f3n<\/strong>, todo con un enfoque pr\u00e1ctico, t\u00e9cnico y 100% aplicable desde el primer d\u00eda.<\/p>\n\n\t\t<\/div>\n\t<\/div>\n\t\t<\/div>\r\n\t<\/div>\r\n<\/div>\r\n<div class=\"themestek-column wpb_column vc_column_container vc_col-sm-6 themestek-zindex-0\">\r\n\t<div class=\"vc_column-inner vc_custom_1576297121934\">\r\n\t\t\t\t<div class=\"wpb_wrapper\">\r\n\t\t\t<div class=\"wpb_gallery wpb_content_element vc_clearfix wpb_content_element\" ><div class=\"wpb_wrapper\"><div class=\"wpb_gallery_slides wpb_flexslider flexslider_fade flexslider\" data-interval=\"3\" data-flex_fx=\"fade\"><ul class=\"slides\"><li><a class=\"\" href=\"https:\/\/cepeem.com\/wp-content\/uploads\/2025\/04\/2-productos.jpg\" data-lightbox=\"lightbox[rel-14093-2980792984]\"><img loading=\"lazy\" decoding=\"async\" width=\"847\" height=\"565\" src=\"https:\/\/cepeem.com\/wp-content\/uploads\/2025\/04\/2-productos-1024x683.jpg\" class=\"attachment-large\" alt=\"\" title=\"2 productos\" srcset=\"https:\/\/cepeem.com\/wp-content\/uploads\/2025\/04\/2-productos-1024x683.jpg 1024w, https:\/\/cepeem.com\/wp-content\/uploads\/2025\/04\/2-productos-300x200.jpg 300w, https:\/\/cepeem.com\/wp-content\/uploads\/2025\/04\/2-productos-768x512.jpg 768w, https:\/\/cepeem.com\/wp-content\/uploads\/2025\/04\/2-productos-1536x1024.jpg 1536w, https:\/\/cepeem.com\/wp-content\/uploads\/2025\/04\/2-productos-2048x1365.jpg 2048w, https:\/\/cepeem.com\/wp-content\/uploads\/2025\/04\/2-productos-18x12.jpg 18w, https:\/\/cepeem.com\/wp-content\/uploads\/2025\/04\/2-productos-600x400.jpg 600w, https:\/\/cepeem.com\/wp-content\/uploads\/2025\/04\/2-productos-800x533.jpg 800w\" sizes=\"auto, (max-width: 847px) 100vw, 847px\" data-id=\"14149\" \/><\/a><\/li><li><a class=\"\" href=\"https:\/\/cepeem.com\/wp-content\/uploads\/2025\/04\/opera-pack1.jpg\" data-lightbox=\"lightbox[rel-14093-2980792984]\"><img loading=\"lazy\" decoding=\"async\" width=\"847\" height=\"526\" src=\"https:\/\/cepeem.com\/wp-content\/uploads\/2025\/04\/opera-pack1-1024x636.jpg\" class=\"attachment-large\" alt=\"\" title=\"opera pack1\" srcset=\"https:\/\/cepeem.com\/wp-content\/uploads\/2025\/04\/opera-pack1-1024x636.jpg 1024w, https:\/\/cepeem.com\/wp-content\/uploads\/2025\/04\/opera-pack1-300x186.jpg 300w, https:\/\/cepeem.com\/wp-content\/uploads\/2025\/04\/opera-pack1-768x477.jpg 768w, https:\/\/cepeem.com\/wp-content\/uploads\/2025\/04\/opera-pack1-1536x955.jpg 1536w, https:\/\/cepeem.com\/wp-content\/uploads\/2025\/04\/opera-pack1-2048x1273.jpg 2048w, https:\/\/cepeem.com\/wp-content\/uploads\/2025\/04\/opera-pack1-18x12.jpg 18w, https:\/\/cepeem.com\/wp-content\/uploads\/2025\/04\/opera-pack1-600x373.jpg 600w\" sizes=\"auto, (max-width: 847px) 100vw, 847px\" data-id=\"14152\" \/><\/a><\/li><\/ul><\/div><\/div><\/div>\t\t<\/div>\r\n\t<\/div>\r\n<\/div>\r\n\t<\/div>\r\n<div class=\"vc_row themestek-row wpb_row vc_row-fluid vc_rtl-columns-reverse themestek-total-col-1 themestek-zindex-0 container themestek-bgimage-position-center_center\">\r\n        \t\t\t\t<div class=\"themestek-column wpb_column vc_column_container vc_col-sm-12 themestek-zindex-0\">\r\n\t<div class=\"vc_column-inner\">\r\n\t\t\t\t<div class=\"wpb_wrapper\">\r\n\t\t\t\n<div class=\"wpcf7 no-js\" id=\"wpcf7-f14079-o1\" lang=\"en-US\" dir=\"ltr\" data-wpcf7-id=\"14079\">\n<div class=\"screen-reader-response\"><p role=\"status\" aria-live=\"polite\" aria-atomic=\"true\"><\/p> <ul><\/ul><\/div>\n<form action=\"\/en\/wp-json\/wp\/v2\/pages\/14093#wpcf7-f14079-o1\" method=\"post\" class=\"wpcf7-form init\" aria-label=\"Contact form\" novalidate=\"novalidate\" data-status=\"init\" data-trp-original-action=\"\/en\/wp-json\/wp\/v2\/pages\/14093#wpcf7-f14079-o1\">\n<div style=\"display: none;\">\n<input type=\"hidden\" name=\"_wpcf7\" value=\"14079\" \/>\n<input type=\"hidden\" name=\"_wpcf7_version\" value=\"6.0.3\" \/>\n<input type=\"hidden\" name=\"_wpcf7_locale\" value=\"en_US\" \/>\n<input type=\"hidden\" name=\"_wpcf7_unit_tag\" value=\"wpcf7-f14079-o1\" \/>\n<input type=\"hidden\" name=\"_wpcf7_container_post\" value=\"0\" \/>\n<input type=\"hidden\" name=\"_wpcf7_posted_data_hash\" value=\"\" \/>\n<\/div>\n<div class=\"main-form\">\n\t<div class=\"row\">\n\t\t<div class=\"col-md-12\">\n\t\t\t<div class=\"input-group\">\n\t\t\t\t<p><span class=\"wpcf7-form-control-wrap\" data-name=\"razon-social\"><input size=\"40\" maxlength=\"400\" class=\"wpcf7-form-control wpcf7-text wpcf7-validates-as-required\" aria-required=\"true\" aria-invalid=\"false\" placeholder=\"Raz\u00f3n Social\" value=\"\" type=\"text\" name=\"razon-social\" \/><\/span>\n\t\t\t\t<\/p>\n\t\t\t<\/div>\n\t\t<\/div>\n\t\t<div class=\"col-md-12\">\n\t\t\t<div class=\"input-group\">\n\t\t\t\t<p><span class=\"wpcf7-form-control-wrap\" data-name=\"tu-nombre\"><input size=\"40\" maxlength=\"400\" class=\"wpcf7-form-control wpcf7-text wpcf7-validates-as-required\" aria-required=\"true\" aria-invalid=\"false\" placeholder=\"Nombre de persona de contacto\" value=\"\" type=\"text\" name=\"tu-nombre\" \/><\/span>\n\t\t\t\t<\/p>\n\t\t\t<\/div>\n\t\t<\/div>\n\t\t<div class=\"col-md-12\">\n\t\t\t<div class=\"input-group\">\n\t\t\t\t<p><span class=\"wpcf7-form-control-wrap\" data-name=\"tu-movil\"><input size=\"40\" maxlength=\"400\" class=\"wpcf7-form-control wpcf7-text wpcf7-validates-as-required\" aria-required=\"true\" aria-invalid=\"false\" placeholder=\"Contact telephone number\" value=\"\" type=\"text\" name=\"tu-movil\" \/><\/span>\n\t\t\t\t<\/p>\n\t\t\t<\/div>\n\t\t<\/div>\n\t\t<div class=\"col-md-12\">\n\t\t\t<div class=\"input-group\">\n\t\t\t\t<p><span class=\"wpcf7-form-control-wrap\" data-name=\"tu-email\"><input size=\"40\" maxlength=\"400\" class=\"wpcf7-form-control wpcf7-email wpcf7-validates-as-required wpcf7-text wpcf7-validates-as-email\" aria-required=\"true\" aria-invalid=\"false\" placeholder=\"Correo de contacto\" value=\"\" type=\"email\" name=\"tu-email\" \/><\/span>\n\t\t\t\t<\/p>\n\t\t\t<\/div>\n\t\t<\/div>\n\t\t<div class=\"col-md-12\">\n\t\t\t<div class=\"input-group\">\n\t\t\t\t<p><span class=\"wpcf7-form-control-wrap\" data-name=\"tipo-asesoria\"><select class=\"wpcf7-form-control wpcf7-select wpcf7-validates-as-required\" aria-required=\"true\" aria-invalid=\"false\" name=\"tipo-asesoria\"><option value=\"Tipo de Asesor\u00eda\">Type of Advisory<\/option><option value=\"Operapack Insite\">Operapack Insite<\/option><option value=\"Diagnostipack 360\">Diagnostipack 360<\/option><\/select><\/span>\n\t\t\t\t<\/p>\n\t\t\t<\/div>\n\t\t<\/div>\n\t\t<div class=\"col-md-12\">\n\t\t\t<div class=\"input-group\">\n\t\t\t\t<p><input class=\"wpcf7-form-control wpcf7-submit has-spinner btn-block\" type=\"submit\" value=\"Deseo cotizaci\u00f3n\" \/>\n\t\t\t\t<\/p>\n\t\t\t<\/div>\n\t\t<\/div>\n\t<\/div>\n<\/div><div class=\"wpcf7-response-output\" aria-hidden=\"true\"><\/div>\n<input type=\"hidden\" name=\"trp-form-language\" value=\"en\"\/><\/form>\n<\/div>\n\t\t<\/div>\r\n\t<\/div>\r\n<\/div>\r\n\t<\/div>\n<\/div>","protected":false},"excerpt":{"rendered":"OperaPack InSite . OperaPack InSite es un servicio especializado de formaci\u00f3n t\u00e9cnica presencial, dise\u00f1ado para optimizar el desempe\u00f1o del personal de planta en el manejo de empaques de cart\u00f3n corrugado a lo largo de toda la cadena operativa. Nuestra capacitaci\u00f3n integral se realiza directamente en tus instalaciones, asegurando un enfoque pr\u00e1ctico y adaptado a tu &hellip; <a href=\"https:\/\/cepeem.com\/en\/operapack-insite\/\" class=\"more-link\">Continue reading <span class=\"screen-reader-text\">OperaPack InSite<\/span><\/a>","protected":false},"author":1,"featured_media":0,"parent":0,"menu_order":10,"comment_status":"closed","ping_status":"closed","template":"","meta":{"_siteseo_robots_primary_cat":"","footnotes":""},"class_list":["post-14093","page","type-page","status-publish","hentry"],"_links":{"self":[{"href":"https:\/\/cepeem.com\/en\/wp-json\/wp\/v2\/pages\/14093","targetHints":{"allow":["GET"]}}],"collection":[{"href":"https:\/\/cepeem.com\/en\/wp-json\/wp\/v2\/pages"}],"about":[{"href":"https:\/\/cepeem.com\/en\/wp-json\/wp\/v2\/types\/page"}],"author":[{"embeddable":true,"href":"https:\/\/cepeem.com\/en\/wp-json\/wp\/v2\/users\/1"}],"replies":[{"embeddable":true,"href":"https:\/\/cepeem.com\/en\/wp-json\/wp\/v2\/comments?post=14093"}],"version-history":[{"count":9,"href":"https:\/\/cepeem.com\/en\/wp-json\/wp\/v2\/pages\/14093\/revisions"}],"predecessor-version":[{"id":14155,"href":"https:\/\/cepeem.com\/en\/wp-json\/wp\/v2\/pages\/14093\/revisions\/14155"}],"wp:attachment":[{"href":"https:\/\/cepeem.com\/en\/wp-json\/wp\/v2\/media?parent=14093"}],"curies":[{"name":"wp","href":"https:\/\/api.w.org\/{rel}","templated":true}]}}