{"id":14088,"date":"2025-02-08T20:52:17","date_gmt":"2025-02-09T01:52:17","guid":{"rendered":"https:\/\/cepeem.com\/?page_id=14088"},"modified":"2025-04-24T13:02:15","modified_gmt":"2025-04-24T18:02:15","slug":"diagnostipack360","status":"publish","type":"page","link":"https:\/\/cepeem.com\/en\/diagnostipack360\/","title":{"rendered":"DiagnostiPack360"},"content":{"rendered":"<div class=\"wpb-content-wrapper\"><div class=\"vc_row themestek-row wpb_row vc_row-fluid vc_custom_1739016724708 themestek-responsive-custom-66659895 vc_rtl-columns-reverse themestek-break-col-991 themestek-total-col-2 themestek-zindex-0 container themestek-bgimage-position-center_center\">\r\n        \t\t\t\t<div class=\"themestek-column wpb_column vc_column_container vc_col-sm-6 themestek-zindex-0\">\r\n\t<div class=\"vc_column-inner\">\r\n\t\t\t\t<div class=\"wpb_wrapper\">\r\n\t\t\t<div class=\"themestek-element-heading-wrapper themestek-heading-inner themestek-element-align-left themestek-seperator-none\"><section class=\"themestek-vc_cta3-container\"><div class=\"themestek-vc_general themestek-vc_cta3 themestek-cta3-only themestek-vc_cta3-style-classic themestek-vc_cta3-shape-rounded themestek-vc_cta3-align-left themestek-vc_cta3-color-transparent themestek-vc_cta3-icon-size-md themestek-vc_cta3-actions-no themestek-cta3-without-desc\"><div class=\"themestek-vc_cta3_content-container\"><div class=\"themestek-vc_cta3-content\"><div class=\"themestek-vc_cta3-content-header themestek-wrap\"><div class=\"themestek-vc_cta3-headers themestek-wrap-cell\"><h2 class=\"themestek-custom-heading\" >DiagnostiPack360<em>360<\/em><\/h2>\n<\/div><\/div><\/div><\/div><\/div><\/section><\/div> <!-- .themestek-element-heading-wrapper container --> \n\t<div class=\"wpb_text_column wpb_content_element\" >\n\t\t<div class=\"wpb_wrapper\">\n\t\t\t<p>DiagnostiPack360 es una auditor\u00eda especializada que permite evaluar de forma integral el desempe\u00f1o t\u00e9cnico de tus empaques de cart\u00f3n corrugado dentro de la cadena log\u00edstica. Nuestro servicio identifica fallas ocultas, sobrecostos por especificaciones inadecuadas y oportunidades de mejora que impactan directamente en tus procesos de producci\u00f3n, almacenaje, transporte y exportaci\u00f3n.<\/p>\n<p>A trav\u00e9s de un an\u00e1lisis t\u00e9cnico y operativo en planta, verificamos si tus cajas cumplen con los requerimientos reales de tu producto, validamos su resistencia, estructura, compatibilidad con pallets y estanter\u00edas, y te brindamos soluciones pr\u00e1cticas y correctivas inmediatas.<\/p>\n<p><strong>\u00a0<\/strong><\/p>\n<p><strong>Beneficios clave:<\/strong><\/p>\n<ul>\n<li>Reducci\u00f3n de costos log\u00edsticos y por roturas.<\/li>\n<li>Identificaci\u00f3n de sobreespecificaci\u00f3n o subespecificaci\u00f3n de cart\u00f3n.<\/li>\n<li>Mejora en la rotaci\u00f3n de stock y la eficiencia de carga.<\/li>\n<li>Alineaci\u00f3n entre empaque, producto y cadena de suministro.<\/li>\n<\/ul>\n<p><strong>Ideal para<\/strong> empresas de manufactura, exportaci\u00f3n, retail, alimentos, bebidas, textiles y toda organizaci\u00f3n que utilice embalaje como parte esencial de su operaci\u00f3n.<\/p>\n\n\t\t<\/div>\n\t<\/div>\n\t\t<\/div>\r\n\t<\/div>\r\n<\/div>\r\n<div class=\"themestek-column wpb_column vc_column_container vc_col-sm-6 themestek-zindex-0\">\r\n\t<div class=\"vc_column-inner vc_custom_1576297121934\">\r\n\t\t\t\t<div class=\"wpb_wrapper\">\r\n\t\t\t<div class=\"wpb_gallery wpb_content_element vc_clearfix wpb_content_element\" ><div class=\"wpb_wrapper\"><div class=\"wpb_gallery_slides wpb_flexslider flexslider_fade flexslider\" data-interval=\"3\" data-flex_fx=\"fade\"><ul class=\"slides\"><li><a class=\"\" href=\"https:\/\/cepeem.com\/wp-content\/uploads\/2025\/04\/csss.jpg\" data-lightbox=\"lightbox[rel-14088-562812475]\"><img loading=\"lazy\" decoding=\"async\" width=\"847\" height=\"530\" src=\"https:\/\/cepeem.com\/wp-content\/uploads\/2025\/04\/csss-1024x641.jpg\" class=\"attachment-large\" alt=\"\" title=\"csss\" srcset=\"https:\/\/cepeem.com\/wp-content\/uploads\/2025\/04\/csss-1024x641.jpg 1024w, https:\/\/cepeem.com\/wp-content\/uploads\/2025\/04\/csss-300x188.jpg 300w, https:\/\/cepeem.com\/wp-content\/uploads\/2025\/04\/csss-768x481.jpg 768w, https:\/\/cepeem.com\/wp-content\/uploads\/2025\/04\/csss-1536x962.jpg 1536w, https:\/\/cepeem.com\/wp-content\/uploads\/2025\/04\/csss-2048x1283.jpg 2048w, https:\/\/cepeem.com\/wp-content\/uploads\/2025\/04\/csss-18x12.jpg 18w, https:\/\/cepeem.com\/wp-content\/uploads\/2025\/04\/csss-600x376.jpg 600w\" sizes=\"auto, (max-width: 847px) 100vw, 847px\" data-id=\"14150\" \/><\/a><\/li><li><a class=\"\" href=\"https:\/\/cepeem.com\/wp-content\/uploads\/2025\/04\/dddd.jpg\" data-lightbox=\"lightbox[rel-14088-562812475]\"><img loading=\"lazy\" decoding=\"async\" width=\"847\" height=\"533\" src=\"https:\/\/cepeem.com\/wp-content\/uploads\/2025\/04\/dddd-1024x644.jpg\" class=\"attachment-large\" alt=\"\" title=\"dddd\" srcset=\"https:\/\/cepeem.com\/wp-content\/uploads\/2025\/04\/dddd-1024x644.jpg 1024w, https:\/\/cepeem.com\/wp-content\/uploads\/2025\/04\/dddd-300x189.jpg 300w, https:\/\/cepeem.com\/wp-content\/uploads\/2025\/04\/dddd-768x483.jpg 768w, https:\/\/cepeem.com\/wp-content\/uploads\/2025\/04\/dddd-1536x965.jpg 1536w, https:\/\/cepeem.com\/wp-content\/uploads\/2025\/04\/dddd-2048x1287.jpg 2048w, https:\/\/cepeem.com\/wp-content\/uploads\/2025\/04\/dddd-18x12.jpg 18w, https:\/\/cepeem.com\/wp-content\/uploads\/2025\/04\/dddd-600x377.jpg 600w\" sizes=\"auto, (max-width: 847px) 100vw, 847px\" data-id=\"14151\" \/><\/a><\/li><\/ul><\/div><\/div><\/div>\t\t<\/div>\r\n\t<\/div>\r\n<\/div>\r\n\t<\/div>\r\n<div class=\"vc_row themestek-row wpb_row vc_row-fluid vc_rtl-columns-reverse themestek-total-col-1 themestek-zindex-0 container themestek-bgimage-position-center_center\">\r\n        \t\t\t\t<div class=\"themestek-column wpb_column vc_column_container vc_col-sm-12 themestek-zindex-0\">\r\n\t<div class=\"vc_column-inner\">\r\n\t\t\t\t<div class=\"wpb_wrapper\">\r\n\t\t\t\n<div class=\"wpcf7 no-js\" id=\"wpcf7-f14079-o1\" lang=\"en-US\" dir=\"ltr\" data-wpcf7-id=\"14079\">\n<div class=\"screen-reader-response\"><p role=\"status\" aria-live=\"polite\" aria-atomic=\"true\"><\/p> <ul><\/ul><\/div>\n<form action=\"\/en\/wp-json\/wp\/v2\/pages\/14088#wpcf7-f14079-o1\" method=\"post\" class=\"wpcf7-form init\" aria-label=\"Contact form\" novalidate=\"novalidate\" data-status=\"init\" data-trp-original-action=\"\/en\/wp-json\/wp\/v2\/pages\/14088#wpcf7-f14079-o1\">\n<div style=\"display: none;\">\n<input type=\"hidden\" name=\"_wpcf7\" value=\"14079\" \/>\n<input type=\"hidden\" name=\"_wpcf7_version\" value=\"6.0.3\" \/>\n<input type=\"hidden\" name=\"_wpcf7_locale\" value=\"en_US\" \/>\n<input type=\"hidden\" name=\"_wpcf7_unit_tag\" value=\"wpcf7-f14079-o1\" \/>\n<input type=\"hidden\" name=\"_wpcf7_container_post\" value=\"0\" \/>\n<input type=\"hidden\" name=\"_wpcf7_posted_data_hash\" value=\"\" \/>\n<\/div>\n<div class=\"main-form\">\n\t<div class=\"row\">\n\t\t<div class=\"col-md-12\">\n\t\t\t<div class=\"input-group\">\n\t\t\t\t<p><span class=\"wpcf7-form-control-wrap\" data-name=\"razon-social\"><input size=\"40\" maxlength=\"400\" class=\"wpcf7-form-control wpcf7-text wpcf7-validates-as-required\" aria-required=\"true\" aria-invalid=\"false\" placeholder=\"Raz\u00f3n Social\" value=\"\" type=\"text\" name=\"razon-social\" \/><\/span>\n\t\t\t\t<\/p>\n\t\t\t<\/div>\n\t\t<\/div>\n\t\t<div class=\"col-md-12\">\n\t\t\t<div class=\"input-group\">\n\t\t\t\t<p><span class=\"wpcf7-form-control-wrap\" data-name=\"tu-nombre\"><input size=\"40\" maxlength=\"400\" class=\"wpcf7-form-control wpcf7-text wpcf7-validates-as-required\" aria-required=\"true\" aria-invalid=\"false\" placeholder=\"Nombre de persona de contacto\" value=\"\" type=\"text\" name=\"tu-nombre\" \/><\/span>\n\t\t\t\t<\/p>\n\t\t\t<\/div>\n\t\t<\/div>\n\t\t<div class=\"col-md-12\">\n\t\t\t<div class=\"input-group\">\n\t\t\t\t<p><span class=\"wpcf7-form-control-wrap\" data-name=\"tu-movil\"><input size=\"40\" maxlength=\"400\" class=\"wpcf7-form-control wpcf7-text wpcf7-validates-as-required\" aria-required=\"true\" aria-invalid=\"false\" placeholder=\"Contact telephone number\" value=\"\" type=\"text\" name=\"tu-movil\" \/><\/span>\n\t\t\t\t<\/p>\n\t\t\t<\/div>\n\t\t<\/div>\n\t\t<div class=\"col-md-12\">\n\t\t\t<div class=\"input-group\">\n\t\t\t\t<p><span class=\"wpcf7-form-control-wrap\" data-name=\"tu-email\"><input size=\"40\" maxlength=\"400\" class=\"wpcf7-form-control wpcf7-email wpcf7-validates-as-required wpcf7-text wpcf7-validates-as-email\" aria-required=\"true\" aria-invalid=\"false\" placeholder=\"Correo de contacto\" value=\"\" type=\"email\" name=\"tu-email\" \/><\/span>\n\t\t\t\t<\/p>\n\t\t\t<\/div>\n\t\t<\/div>\n\t\t<div class=\"col-md-12\">\n\t\t\t<div class=\"input-group\">\n\t\t\t\t<p><span class=\"wpcf7-form-control-wrap\" data-name=\"tipo-asesoria\"><select class=\"wpcf7-form-control wpcf7-select wpcf7-validates-as-required\" aria-required=\"true\" aria-invalid=\"false\" name=\"tipo-asesoria\"><option value=\"Tipo de Asesor\u00eda\">Type of Advisory<\/option><option value=\"Operapack Insite\">Operapack Insite<\/option><option value=\"Diagnostipack 360\">Diagnostipack 360<\/option><\/select><\/span>\n\t\t\t\t<\/p>\n\t\t\t<\/div>\n\t\t<\/div>\n\t\t<div class=\"col-md-12\">\n\t\t\t<div class=\"input-group\">\n\t\t\t\t<p><input class=\"wpcf7-form-control wpcf7-submit has-spinner btn-block\" type=\"submit\" value=\"Deseo cotizaci\u00f3n\" \/>\n\t\t\t\t<\/p>\n\t\t\t<\/div>\n\t\t<\/div>\n\t<\/div>\n<\/div><div class=\"wpcf7-response-output\" aria-hidden=\"true\"><\/div>\n<input type=\"hidden\" name=\"trp-form-language\" value=\"en\"\/><\/form>\n<\/div>\n\t\t<\/div>\r\n\t<\/div>\r\n<\/div>\r\n\t<\/div>\n<\/div>","protected":false},"excerpt":{"rendered":"DiagnostiPack360360 DiagnostiPack360 es una auditor\u00eda especializada que permite evaluar de forma integral el desempe\u00f1o t\u00e9cnico de tus empaques de cart\u00f3n corrugado dentro de la cadena log\u00edstica. Nuestro servicio identifica fallas ocultas, sobrecostos por especificaciones inadecuadas y oportunidades de mejora que impactan directamente en tus procesos de producci\u00f3n, almacenaje, transporte y exportaci\u00f3n. A trav\u00e9s de un &hellip; <a href=\"https:\/\/cepeem.com\/en\/diagnostipack360\/\" class=\"more-link\">Continue reading <span class=\"screen-reader-text\">DiagnostiPack360<\/span><\/a>","protected":false},"author":1,"featured_media":0,"parent":0,"menu_order":10,"comment_status":"closed","ping_status":"closed","template":"","meta":{"_siteseo_robots_primary_cat":"","footnotes":""},"class_list":["post-14088","page","type-page","status-publish","hentry"],"_links":{"self":[{"href":"https:\/\/cepeem.com\/en\/wp-json\/wp\/v2\/pages\/14088","targetHints":{"allow":["GET"]}}],"collection":[{"href":"https:\/\/cepeem.com\/en\/wp-json\/wp\/v2\/pages"}],"about":[{"href":"https:\/\/cepeem.com\/en\/wp-json\/wp\/v2\/types\/page"}],"author":[{"embeddable":true,"href":"https:\/\/cepeem.com\/en\/wp-json\/wp\/v2\/users\/1"}],"replies":[{"embeddable":true,"href":"https:\/\/cepeem.com\/en\/wp-json\/wp\/v2\/comments?post=14088"}],"version-history":[{"count":6,"href":"https:\/\/cepeem.com\/en\/wp-json\/wp\/v2\/pages\/14088\/revisions"}],"predecessor-version":[{"id":14154,"href":"https:\/\/cepeem.com\/en\/wp-json\/wp\/v2\/pages\/14088\/revisions\/14154"}],"wp:attachment":[{"href":"https:\/\/cepeem.com\/en\/wp-json\/wp\/v2\/media?parent=14088"}],"curies":[{"name":"wp","href":"https:\/\/api.w.org\/{rel}","templated":true}]}}